{"id":147,"date":"2023-10-15T09:41:31","date_gmt":"2023-10-15T09:41:31","guid":{"rendered":"https:\/\/pedya.nl\/?post_type=product&#038;p=147"},"modified":"2026-02-27T06:02:35","modified_gmt":"2026-02-27T06:02:35","slug":"sleepy-easy-clean-camasir-suyu-katkili-100-yaprak-4-paket","status":"publish","type":"product","link":"https:\/\/pedya.nl\/tr\/urun\/sleepy-easy-clean-camasir-suyu-katkili-100-yaprak-4-paket\/","title":{"rendered":"Sleepy Easy Clean | \u00c7ama\u015f\u0131r Suyu Katk\u0131l\u0131 | 100 Yaprak | 6 Paket"},"content":{"rendered":"","protected":false},"excerpt":{"rendered":"","protected":false},"featured_media":747,"comment_status":"open","ping_status":"closed","template":"","meta":{"_et_pb_use_builder":"","_et_pb_old_content":"","_et_gb_content_width":""},"product_brand":[],"product_cat":[15],"product_tag":[],"class_list":{"0":"post-147","1":"product","2":"type-product","3":"status-publish","4":"has-post-thumbnail","6":"product_cat-geen-categorie","8":"first","9":"instock","10":"shipping-taxable","11":"purchasable","12":"product-type-simple"},"_links":{"self":[{"href":"https:\/\/pedya.nl\/tr\/wp-json\/wp\/v2\/product\/147","targetHints":{"allow":["GET"]}}],"collection":[{"href":"https:\/\/pedya.nl\/tr\/wp-json\/wp\/v2\/product"}],"about":[{"href":"https:\/\/pedya.nl\/tr\/wp-json\/wp\/v2\/types\/product"}],"replies":[{"embeddable":true,"href":"https:\/\/pedya.nl\/tr\/wp-json\/wp\/v2\/comments?post=147"}],"wp:featuredmedia":[{"embeddable":true,"href":"https:\/\/pedya.nl\/tr\/wp-json\/wp\/v2\/media\/747"}],"wp:attachment":[{"href":"https:\/\/pedya.nl\/tr\/wp-json\/wp\/v2\/media?parent=147"}],"wp:term":[{"taxonomy":"product_brand","embeddable":true,"href":"https:\/\/pedya.nl\/tr\/wp-json\/wp\/v2\/product_brand?post=147"},{"taxonomy":"product_cat","embeddable":true,"href":"https:\/\/pedya.nl\/tr\/wp-json\/wp\/v2\/product_cat?post=147"},{"taxonomy":"product_tag","embeddable":true,"href":"https:\/\/pedya.nl\/tr\/wp-json\/wp\/v2\/product_tag?post=147"}],"curies":[{"name":"wp","href":"https:\/\/api.w.org\/{rel}","templated":true}]}}