{"id":15,"date":"2023-10-15T00:09:06","date_gmt":"2023-10-15T00:09:06","guid":{"rendered":"https:\/\/pedya.nl\/?page_id=15"},"modified":"2023-10-15T09:04:56","modified_gmt":"2023-10-15T09:04:56","slug":"over-ons","status":"publish","type":"page","link":"https:\/\/pedya.nl\/tr\/over-ons\/","title":{"rendered":"Hakk\u0131m\u0131zda"},"content":{"rendered":"<p>[et_pb_section fb_built=&#8221;1&#8243; custom_padding_last_edited=&#8221;on|phone&#8221; admin_label=&#8221;section&#8221; _builder_version=&#8221;4.22.2&#8243; custom_padding_tablet=&#8221;&#8221; custom_padding_phone=&#8221;0px||||false|false&#8221; hover_enabled=&#8221;0&#8243; global_colors_info=&#8221;{}&#8221; custom_padding=&#8221;123px||||false|false&#8221; sticky_enabled=&#8221;0&#8243;][et_pb_row column_structure=&#8221;1_2,1_2&#8243; _builder_version=&#8221;4.22.2&#8243; _module_preset=&#8221;default&#8221; width=&#8221;90%&#8221; max_width=&#8221;1300px&#8221; global_colors_info=&#8221;{}&#8221;][et_pb_column type=&#8221;1_2&#8243; _builder_version=&#8221;4.22.2&#8243; _module_preset=&#8221;default&#8221; custom_padding=&#8221;70px||||false|false&#8221; custom_padding_tablet=&#8221;70px||||false|false&#8221; custom_padding_phone=&#8221;0px||||false|false&#8221; custom_padding_last_edited=&#8221;on|phone&#8221; global_colors_info=&#8221;{}&#8221;][et_pb_text _builder_version=&#8221;4.22.2&#8243; _module_preset=&#8221;default&#8221; text_font=&#8221;Poppins|700|||||||&#8221; text_text_color=&#8221;#000000&#8243; text_font_size=&#8221;25px&#8221; custom_margin=&#8221;||19px||false|false&#8221; global_colors_info=&#8221;{}&#8221;]<\/p>\n<p><span>Y\u00fcksek kaliteli Sleepy temizlik \u00fcr\u00fcnleri<\/span><\/p>\n<p>[\/et_pb_text][et_pb_text _builder_version=&#8221;4.22.2&#8243; _module_preset=&#8221;default&#8221; text_font=&#8221;Poppins||||||||&#8221; text_text_color=&#8221;#000000&#8243; custom_margin_tablet=&#8221;&#8221; custom_margin_phone=&#8221;&#8221; custom_margin_last_edited=&#8221;on|desktop&#8221; global_colors_info=&#8221;{}&#8221;]<\/p>\n<p><span>Pedya, \u00fcnl\u00fc Sleepy markas\u0131n\u0131n y\u00fcksek kaliteli temizlik mendilleri ve ilgili \u00fcr\u00fcnleri i\u00e7in g\u00fcvenilir kayna\u011f\u0131n\u0131zd\u0131r. Firmam\u0131z temizlik ihtiya\u00e7lar\u0131n\u0131z\u0131 kar\u015f\u0131layan ve g\u00fcnl\u00fck hayat\u0131n\u0131z\u0131 kolayla\u015ft\u0131ran en kaliteli \u00fcr\u00fcnleri sunmaya kendini adam\u0131\u015ft\u0131r. <\/span><\/p>\n<p><span>Temizlik sekt\u00f6r\u00fcnde uzun y\u0131llara dayanan tecr\u00fcbemizle etkili temizli\u011fin de\u011ferini anl\u0131yoruz, bu nedenle hem ev hem de profesyonel kullan\u0131c\u0131lar\u0131n taleplerini kar\u015f\u0131lamak i\u00e7in geni\u015f bir Sleepy \u00fcr\u00fcn yelpazesi sunuyoruz.<\/span><\/p>\n<p>[\/et_pb_text][\/et_pb_column][et_pb_column type=&#8221;1_2&#8243; _builder_version=&#8221;4.22.2&#8243; _module_preset=&#8221;default&#8221; global_colors_info=&#8221;{}&#8221;][et_pb_image src=&#8221;https:\/\/pedya.nl\/wp-content\/uploads\/2023\/10\/wiping-hands-with-a-wet-wipe-personal-hygiene-con-2022-09-19-19-23-20-utc-min-scaled.jpg&#8221; _builder_version=&#8221;4.22.2&#8243; _module_preset=&#8221;default&#8221; border_radii=&#8221;on|20px|20px|20px|20px&#8221; global_colors_info=&#8221;{}&#8221;][\/et_pb_image][\/et_pb_column][\/et_pb_row][et_pb_row column_structure=&#8221;1_2,1_2&#8243; disabled_on=&#8221;off|off|on&#8221; _builder_version=&#8221;4.22.2&#8243; _module_preset=&#8221;default&#8221; width=&#8221;90%&#8221; max_width=&#8221;1300px&#8221; custom_margin=&#8221;49px||||false|false&#8221; global_colors_info=&#8221;{}&#8221;][et_pb_column type=&#8221;1_2&#8243; _builder_version=&#8221;4.22.2&#8243; _module_preset=&#8221;default&#8221; global_colors_info=&#8221;{}&#8221;][et_pb_text _builder_version=&#8221;4.22.2&#8243; _module_preset=&#8221;default&#8221; text_font=&#8221;Poppins|700|||||||&#8221; text_text_color=&#8221;#000000&#8243; text_font_size=&#8221;25px&#8221; custom_margin=&#8221;||19px||false|false&#8221; global_colors_info=&#8221;{}&#8221;]<\/p>\n<p><span>Daha sa\u011fl\u0131kl\u0131 ve temiz bir ya\u015fam ortam\u0131<\/span><\/p>\n<p>[\/et_pb_text][et_pb_text _builder_version=&#8221;4.22.2&#8243; _module_preset=&#8221;default&#8221; text_font=&#8221;Poppins||||||||&#8221; text_text_color=&#8221;#000000&#8243; global_colors_info=&#8221;{}&#8221;]<\/p>\n<div class=\"group final-completion w-full text-token-text-primary border-b border-black\/10 gizmo:border-0 dark:border-gray-900\/50 gizmo:dark:border-0 bg-gray-50 gizmo:bg-transparent dark:bg-[#444654] gizmo:dark:bg-transparent\" data-testid=\"conversation-turn-3\">\n<div class=\"p-4 justify-center text-base md:gap-6 md:py-6 m-auto\">\n<div class=\"flex flex-1 gap-4 text-base mx-auto md:gap-6 gizmo:gap-3 gizmo:md:px-5 gizmo:lg:px-1 gizmo:xl:px-5 md:max-w-2xl lg:max-w-[38rem] gizmo:md:max-w-3xl gizmo:lg:max-w-[40rem] gizmo:xl:max-w-[48rem] xl:max-w-3xl }\">\n<div class=\"relative flex w-[calc(100%-50px)] flex-col gizmo:w-full lg:w-[calc(100%-115px)] agent-turn\">\n<div class=\"flex-col gap-1 md:gap-3\">\n<div class=\"flex flex-grow flex-col gap-3 max-w-full\">\n<div class=\"min-h-[20px] flex flex-col items-start gap-3 whitespace-pre-wrap break-words overflow-x-auto\">\n<div class=\"markdown prose w-full break-words dark:prose-invert dark\">\n<p>Pedya olarak sadece temizleyen de\u011fil, ayn\u0131 zamanda daha sa\u011fl\u0131kl\u0131 ve temiz bir ya\u015fam ortam\u0131 sa\u011flayan \u00fcr\u00fcnlere inan\u0131yoruz. Sleepy temizlik mendillerimiz kir, toz ve bakterileri etkili bir \u015fekilde yok etmek ve y\u00fczeylere ve ellerinize kar\u015f\u0131 nazik olmak i\u00e7in \u00f6zel olarak tasarlanm\u0131\u015ft\u0131r.<\/p>\n<p>Mutfa\u011f\u0131n\u0131z\u0131, banyonuzu, ofisinizi veya ba\u015fka bir oday\u0131 temizlemek istiyorsan\u0131z, i\u015fin h\u0131zl\u0131 ve verimli bir \u015fekilde yap\u0131lmas\u0131n\u0131 sa\u011flayacak do\u011fru \u00fcr\u00fcnlere sahibiz. Ayr\u0131ca, ihtiya\u00e7lar\u0131n\u0131za uygun do\u011fru \u00fcr\u00fcnleri se\u00e7ebilmenizi sa\u011flamak i\u00e7in h\u0131zl\u0131 teslimat ve uzman tavsiyesi ile m\u00fc\u015fterilerimize m\u00fcmk\u00fcn olan en iyi hizmeti sunmaya \u00e7al\u0131\u015f\u0131yoruz. Pedya olarak kendimizi temiz ve sa\u011fl\u0131kl\u0131 bir \u00e7evreye adad\u0131k ve sizi Sleepy \u00fcr\u00fcnlerimizin nas\u0131l yard\u0131mc\u0131 olabilece\u011fini ke\u015ffetmeye davet ediyoruz.<\/p>\n<\/div>\n<\/div>\n<\/div>\n<div class=\"flex justify-between empty:hidden gizmo:justify-start gizmo:gap-3 lg:block\">\n<div class=\"text-gray-400 flex self-end lg:self-center justify-center gizmo:lg:justify-start mt-2 gizmo:mt-0 visible lg:gap-1 lg:absolute lg:top-0 lg:translate-x-full lg:right-0 lg:mt-0 lg:pl-2 gap-2 md:gap-3\">\n<div class=\"flex gap-1 gizmo:gap-3\"><\/div>\n<\/div>\n<\/div>\n<\/div>\n<\/div>\n<\/div>\n<\/div>\n<\/div>\n<p>[\/et_pb_text][\/et_pb_column][et_pb_column type=&#8221;1_2&#8243; _builder_version=&#8221;4.22.2&#8243; _module_preset=&#8221;default&#8221; global_colors_info=&#8221;{}&#8221;][et_pb_image src=&#8221;https:\/\/pedya.nl\/wp-content\/uploads\/2023\/10\/two-older-boys-eating-ice-cream-young-woman-wipin-2021-08-26-22-40-12-utc-min-scaled.jpg&#8221; _builder_version=&#8221;4.22.2&#8243; _module_preset=&#8221;default&#8221; border_radii=&#8221;on|20px|20px|20px|20px&#8221; global_colors_info=&#8221;{}&#8221;][\/et_pb_image][\/et_pb_column][\/et_pb_row][et_pb_row column_structure=&#8221;1_2,1_2&#8243; disabled_on=&#8221;on|on|off&#8221; _builder_version=&#8221;4.22.2&#8243; _module_preset=&#8221;default&#8221; width=&#8221;90%&#8221; max_width=&#8221;1300px&#8221; custom_margin=&#8221;49px||||false|false&#8221; global_colors_info=&#8221;{}&#8221;][et_pb_column type=&#8221;1_2&#8243; _builder_version=&#8221;4.22.2&#8243; _module_preset=&#8221;default&#8221; global_colors_info=&#8221;{}&#8221;][et_pb_image src=&#8221;https:\/\/pedya.nl\/wp-content\/uploads\/2023\/10\/two-older-boys-eating-ice-cream-young-woman-wipin-2021-08-26-22-40-12-utc-min-scaled.jpg&#8221; _builder_version=&#8221;4.22.2&#8243; _module_preset=&#8221;default&#8221; border_radii=&#8221;on|20px|20px|20px|20px&#8221; global_colors_info=&#8221;{}&#8221;][\/et_pb_image][\/et_pb_column][et_pb_column type=&#8221;1_2&#8243; _builder_version=&#8221;4.22.2&#8243; _module_preset=&#8221;default&#8221; global_colors_info=&#8221;{}&#8221;][et_pb_text _builder_version=&#8221;4.22.2&#8243; _module_preset=&#8221;default&#8221; text_font=&#8221;Poppins|700|||||||&#8221; text_text_color=&#8221;#000000&#8243; text_font_size=&#8221;25px&#8221; custom_margin=&#8221;35px||19px||false|false&#8221; custom_margin_tablet=&#8221;35px||19px||false|false&#8221; custom_margin_phone=&#8221;35px||19px||false|false&#8221; custom_margin_last_edited=&#8221;on|desktop&#8221; global_colors_info=&#8221;{}&#8221;]<\/p>\n<p><span>Daha sa\u011fl\u0131kl\u0131 ve temiz bir ya\u015fam ortam\u0131<\/span><\/p>\n<p>[\/et_pb_text][et_pb_text _builder_version=&#8221;4.22.2&#8243; _module_preset=&#8221;default&#8221; text_font=&#8221;Poppins||||||||&#8221; text_text_color=&#8221;#000000&#8243; global_colors_info=&#8221;{}&#8221;]<\/p>\n<div class=\"group final-completion w-full text-token-text-primary border-b border-black\/10 gizmo:border-0 dark:border-gray-900\/50 gizmo:dark:border-0 bg-gray-50 gizmo:bg-transparent dark:bg-[#444654] gizmo:dark:bg-transparent\" data-testid=\"conversation-turn-3\">\n<div class=\"p-4 justify-center text-base md:gap-6 md:py-6 m-auto\">\n<div class=\"flex flex-1 gap-4 text-base mx-auto md:gap-6 gizmo:gap-3 gizmo:md:px-5 gizmo:lg:px-1 gizmo:xl:px-5 md:max-w-2xl lg:max-w-[38rem] gizmo:md:max-w-3xl gizmo:lg:max-w-[40rem] gizmo:xl:max-w-[48rem] xl:max-w-3xl }\">\n<div class=\"relative flex w-[calc(100%-50px)] flex-col gizmo:w-full lg:w-[calc(100%-115px)] agent-turn\">\n<div class=\"flex-col gap-1 md:gap-3\">\n<div class=\"flex flex-grow flex-col gap-3 max-w-full\">\n<div class=\"min-h-[20px] flex flex-col items-start gap-3 whitespace-pre-wrap break-words overflow-x-auto\">\n<div class=\"markdown prose w-full break-words dark:prose-invert dark\">\n<p>Pedya olarak sadece temizleyen de\u011fil, ayn\u0131 zamanda daha sa\u011fl\u0131kl\u0131 ve temiz bir ya\u015fam ortam\u0131 sa\u011flayan \u00fcr\u00fcnlere inan\u0131yoruz. Sleepy temizlik mendillerimiz kir, toz ve bakterileri etkili bir \u015fekilde yok etmek ve y\u00fczeylere ve ellerinize kar\u015f\u0131 nazik olmak i\u00e7in \u00f6zel olarak tasarlanm\u0131\u015ft\u0131r.<\/p>\n<p>Mutfa\u011f\u0131n\u0131z\u0131, banyonuzu, ofisinizi veya ba\u015fka bir oday\u0131 temizlemek istiyorsan\u0131z, i\u015fin h\u0131zl\u0131 ve verimli bir \u015fekilde yap\u0131lmas\u0131n\u0131 sa\u011flayacak do\u011fru \u00fcr\u00fcnlere sahibiz. Ayr\u0131ca, ihtiya\u00e7lar\u0131n\u0131za uygun do\u011fru \u00fcr\u00fcnleri se\u00e7ebilmenizi sa\u011flamak i\u00e7in h\u0131zl\u0131 teslimat ve uzman tavsiyesi ile m\u00fc\u015fterilerimize m\u00fcmk\u00fcn olan en iyi hizmeti sunmaya \u00e7al\u0131\u015f\u0131yoruz. Pedya olarak kendimizi temiz ve sa\u011fl\u0131kl\u0131 bir \u00e7evreye adad\u0131k ve sizi Sleepy \u00fcr\u00fcnlerimizin nas\u0131l yard\u0131mc\u0131 olabilece\u011fini ke\u015ffetmeye davet ediyoruz.<\/p>\n<\/div>\n<\/div>\n<\/div>\n<div class=\"flex justify-between empty:hidden gizmo:justify-start gizmo:gap-3 lg:block\">\n<div class=\"text-gray-400 flex self-end lg:self-center justify-center gizmo:lg:justify-start mt-2 gizmo:mt-0 visible lg:gap-1 lg:absolute lg:top-0 lg:translate-x-full lg:right-0 lg:mt-0 lg:pl-2 gap-2 md:gap-3\">\n<div class=\"flex gap-1 gizmo:gap-3\"><\/div>\n<\/div>\n<\/div>\n<\/div>\n<\/div>\n<\/div>\n<\/div>\n<\/div>\n<p>[\/et_pb_text][\/et_pb_column][\/et_pb_row][\/et_pb_section]<\/p>","protected":false},"excerpt":{"rendered":"<p>Hoogwaardige Sleepy schoonmaakproductenPedya is uw betrouwbare bron voor hoogwaardige schoonmaakdoekjes en aanverwante producten van het gerenommeerde merk Sleepy. Ons bedrijf is toegewijd aan het leveren van producten van de hoogste kwaliteit die uw schoonmaakbehoeften vervullen en uw dagelijkse leven vereenvoudigen. Met jarenlange ervaring in de schoonmaakbranche begrijpen we de waarde van effectieve reiniging, en daarom [&hellip;]<\/p>","protected":false},"author":1,"featured_media":0,"parent":0,"menu_order":0,"comment_status":"closed","ping_status":"closed","template":"","meta":{"_et_pb_use_builder":"on","_et_pb_old_content":"","_et_gb_content_width":"","footnotes":""},"class_list":["post-15","page","type-page","status-publish","hentry"],"_links":{"self":[{"href":"https:\/\/pedya.nl\/tr\/wp-json\/wp\/v2\/pages\/15","targetHints":{"allow":["GET"]}}],"collection":[{"href":"https:\/\/pedya.nl\/tr\/wp-json\/wp\/v2\/pages"}],"about":[{"href":"https:\/\/pedya.nl\/tr\/wp-json\/wp\/v2\/types\/page"}],"author":[{"embeddable":true,"href":"https:\/\/pedya.nl\/tr\/wp-json\/wp\/v2\/users\/1"}],"replies":[{"embeddable":true,"href":"https:\/\/pedya.nl\/tr\/wp-json\/wp\/v2\/comments?post=15"}],"version-history":[{"count":9,"href":"https:\/\/pedya.nl\/tr\/wp-json\/wp\/v2\/pages\/15\/revisions"}],"predecessor-version":[{"id":101,"href":"https:\/\/pedya.nl\/tr\/wp-json\/wp\/v2\/pages\/15\/revisions\/101"}],"wp:attachment":[{"href":"https:\/\/pedya.nl\/tr\/wp-json\/wp\/v2\/media?parent=15"}],"curies":[{"name":"wp","href":"https:\/\/api.w.org\/{rel}","templated":true}]}}